{"id":162,"date":"2025-09-29T18:49:03","date_gmt":"2025-09-29T18:49:03","guid":{"rendered":"https:\/\/sashaallendolls.com\/about-me\/"},"modified":"2025-09-30T00:13:51","modified_gmt":"2025-09-30T00:13:51","slug":"sobre-mi","status":"publish","type":"page","link":"https:\/\/sashaallendolls.com\/es\/sobre-mi\/","title":{"rendered":"Sobre mi"},"content":{"rendered":"<div  class=\"one withsmallpadding ppb_header parallax withbg \" style=\"background-image:url(https:\/\/sashaallendolls.com\/wp-content\/uploads\/2025\/09\/279285438_1188927258543533_6848080864012304604_n.jpg);background-position: center top;text-align:center;padding:200px 0 200px 0;\" >\n<div class=\"overlay_background\" style=\"background:#222222;background:rgb(34,34,34,0.25);background:rgba(34,34,34,0.25);\"><\/div>\n<div class=\"standard_wrapper\">\n<div class=\"page_content_wrapper\">\n<div class=\"inner\">\n<div style=\"margin:auto;width:100%\">\n<h2 class=\"ppb_title\" style=\"\">Sobre mi<\/h2>\n<\/div>\n<\/div>\n<\/div>\n<\/div>\n<\/div>\n<div  class=\"one withsmallpadding ppb_text\" style=\"text-align:left;padding:40px 0 40px 0;\" >\n<div class=\"standard_wrapper\">\n<div class=\"page_content_wrapper\">\n<div class=\"inner\">\n<div style=\"margin:auto;width:75%\">\n<p style=\"color: #000000; text-align: center;\" data-start=\"1649\" data-end=\"2366\">Desde el inicio de mi camino, la pintura y el dibujo fueron para m\u00ed una fuente de inspiraci\u00f3n y aprendizaje. Una pasant\u00eda con artistas en Mosc\u00fa me ayud\u00f3 a comprender el arte m\u00e1s profundamente, mientras que estudiar en la Escuela Internacional de Cine de Mosc\u00fa me abri\u00f3 las puertas al mundo del cine y el teatro. M\u00e1s tarde, los estudios de dise\u00f1o en Mil\u00e1n enriquecieron mi lenguaje creativo, y trabajar como dise\u00f1adora en Nueva York me dio la oportunidad de poner en pr\u00e1ctica todos esos conocimientos. Hoy, con cari\u00f1o me llamo a m\u00ed misma una artista que crea mu\u00f1ecas \u00fanicas de autor. Para m\u00ed, no es solo un trabajo \u2014 es una forma de unir las diferentes facetas de mi experiencia y expresar a trav\u00e9s de ellas mi alma.<\/p>\n<p style=\"color: #000000; text-align: center;\" data-start=\"2368\" data-end=\"2624\">Las mu\u00f1ecas, la escultura y los mundos en miniatura \u2014 son verdadera magia. En ellos encuentro bondad, belleza y encanto. Cada vez que creo una mu\u00f1eca, es como si abriera una puerta a otro mundo, donde la forma cobra vida, llena de car\u00e1cter e inspiraci\u00f3n.<\/p>\n<p style=\"color: #000000; text-align: center;\" data-start=\"2626\" data-end=\"3142\">Las mu\u00f1ecas articuladas (BJD) son especialmente apreciadas por los coleccionistas, porque resultan asombrosamente vivas. Su movilidad les permite expresar emociones y adoptar m\u00faltiples posturas, mientras que la posibilidad de personalizaci\u00f3n \u2014 desde el maquillaje hasta la ropa \u2014 hace que cada mu\u00f1eca sea \u00fanica en su especie. Pero lo m\u00e1s importante para m\u00ed es la comunidad de personas unidas por su amor a las BJD. En este c\u00edrculo siempre hay espacio para compartir experiencias, ideas y la alegr\u00eda de la creaci\u00f3n.<\/p>\n<\/div>\n<\/div>\n<\/div>\n<\/div>\n<\/div>\n","protected":false},"excerpt":{"rendered":"<p>Sobre mi Desde el inicio de mi camino, la pintura y el dibujo fueron para m\u00ed una fuente de inspiraci\u00f3n y aprendizaje. Una pasant\u00eda con artistas en Mosc\u00fa me ayud\u00f3 a comprender el arte m\u00e1s profundamente, mientras que estudiar en [&hellip;]<\/p>\n","protected":false},"author":1,"featured_media":0,"parent":0,"menu_order":0,"comment_status":"closed","ping_status":"closed","template":"","meta":{"footnotes":""},"class_list":["post-162","page","type-page","status-publish","hentry"],"_links":{"self":[{"href":"https:\/\/sashaallendolls.com\/es\/wp-json\/wp\/v2\/pages\/162","targetHints":{"allow":["GET"]}}],"collection":[{"href":"https:\/\/sashaallendolls.com\/es\/wp-json\/wp\/v2\/pages"}],"about":[{"href":"https:\/\/sashaallendolls.com\/es\/wp-json\/wp\/v2\/types\/page"}],"author":[{"embeddable":true,"href":"https:\/\/sashaallendolls.com\/es\/wp-json\/wp\/v2\/users\/1"}],"replies":[{"embeddable":true,"href":"https:\/\/sashaallendolls.com\/es\/wp-json\/wp\/v2\/comments?post=162"}],"version-history":[{"count":3,"href":"https:\/\/sashaallendolls.com\/es\/wp-json\/wp\/v2\/pages\/162\/revisions"}],"predecessor-version":[{"id":280,"href":"https:\/\/sashaallendolls.com\/es\/wp-json\/wp\/v2\/pages\/162\/revisions\/280"}],"wp:attachment":[{"href":"https:\/\/sashaallendolls.com\/es\/wp-json\/wp\/v2\/media?parent=162"}],"curies":[{"name":"wp","href":"https:\/\/api.w.org\/{rel}","templated":true}]}}