{"id":186,"date":"2025-09-29T19:20:08","date_gmt":"2025-09-29T19:20:08","guid":{"rendered":"https:\/\/sashaallendolls.com\/about-my-dolls\/"},"modified":"2025-09-30T00:58:22","modified_gmt":"2025-09-30T00:58:22","slug":"la-inspiracion","status":"publish","type":"page","link":"https:\/\/sashaallendolls.com\/es\/la-inspiracion\/","title":{"rendered":"La inspiraci\u00f3n"},"content":{"rendered":"<div  class=\"one withsmallpadding ppb_header parallax withbg \" style=\"background-image:url(https:\/\/sashaallendolls.com\/wp-content\/uploads\/2025\/09\/IMG_5732-scaled.jpeg);background-position: center top;text-align:center;padding:200px 0 200px 0;\" >\n<div class=\"overlay_background\" style=\"background:#222222;background:rgb(34,34,34,0.25);background:rgba(34,34,34,0.25);\"><\/div>\n<div class=\"standard_wrapper\">\n<div class=\"page_content_wrapper\">\n<div class=\"inner\">\n<div style=\"margin:auto;width:100%\">\n<h2 class=\"ppb_title\" style=\"\">La inspiraci\u00f3n<\/h2>\n<\/div>\n<\/div>\n<\/div>\n<\/div>\n<\/div>\n<div  class=\"one withsmallpadding ppb_text\" style=\"text-align:left;padding:40px 0 40px 0;\" >\n<div class=\"standard_wrapper\">\n<div class=\"page_content_wrapper\">\n<div class=\"inner\">\n<div style=\"margin:auto;width:75%\">\n<p style=\"color: #000000; text-align: center;\" data-start=\"2198\" data-end=\"2944\">Crear el car\u00e1cter de cada mu\u00f1eca es un proceso muy personal e intuitivo. La inspiraci\u00f3n surge de diversas fuentes: las emociones, la naturaleza y los instantes fugaces que nos regala el mundo que nos rodea. Todo comienza con una sensaci\u00f3n o un estado de \u00e1nimo que deseo transmitir. Pienso en la expresi\u00f3n del rostro, el lenguaje corporal, los detalles de la ropa y los accesorios \u2014 todo esto ayuda a revelar el mundo interior del personaje. Para m\u00ed, cada mu\u00f1eca es como una historia viva: tiene su propio pasado, sus emociones y experiencias. Este proceso es una combinaci\u00f3n de decisiones art\u00edsticas y empat\u00eda, una inmersi\u00f3n en un mundo imaginario de feminidad donde habita cada una de mis hero\u00ednas. Creo que la individualidad y la profundidad interior son lo que hace que una mu\u00f1eca sea verdaderamente cautivadora.<\/p>\n<p style=\"color: #000000; text-align: center;\" data-start=\"2946\" data-end=\"3348\">Mis mu\u00f1ecas son mujeres. Me inspiro en la mujer \u2014 en su fuerza natural, su suavidad y la magia interior que existe en cada una de nosotras. En mi obra, a menudo exploro temas de emociones, recuerdos y el mundo interior oculto. Y es precisamente el universo interior femenino lo que se convierte en la base de muchas de mis ideas. A trav\u00e9s de \u00e9l me descubro a m\u00ed misma y tambi\u00e9n al mundo que me rodea.<\/p>\n<p style=\"color: #000000; text-align: center;\" data-start=\"3350\" data-end=\"3561\">Trabajo con distintos materiales \u2014 flumo, porcelana, arcilla polim\u00e9rica y poliuretano. Pero la porcelana ocupa un lugar especial en mi coraz\u00f3n: aporta a la figura delicadeza, refinamiento y una belleza fr\u00e1gil.<\/p>\n<p style=\"color: #000000; text-align: center;\" data-start=\"3563\" data-end=\"3805\">Las personalidades de mis mu\u00f1ecas nacen poco a poco. Comienzo con una idea, pero durante el proceso de creaci\u00f3n parecen cobrar vida y mostrarme c\u00f3mo desean ser. Es una sensaci\u00f3n maravillosa \u2014 ver c\u00f3mo de un material surge un personaje vivo.<\/p>\n<p style=\"color: #000000; text-align: center;\" data-start=\"3807\" data-end=\"4052\">Para m\u00ed, la armon\u00eda de todos los elementos es importante \u2014 la idea, el personaje y la emoci\u00f3n. Pero si tuviera que elegir lo principal, ser\u00eda sin duda la emoci\u00f3n. Ella llena de vida a cada mu\u00f1eca, la hace \u00fanica y deja una huella en el coraz\u00f3n.<\/p>\n<\/div>\n<\/div>\n<\/div>\n<\/div>\n<\/div>\n","protected":false},"excerpt":{"rendered":"<p>La inspiraci\u00f3n Crear el car\u00e1cter de cada mu\u00f1eca es un proceso muy personal e intuitivo. La inspiraci\u00f3n surge de diversas fuentes: las emociones, la naturaleza y los instantes fugaces que nos regala el mundo que nos rodea. Todo comienza con [&hellip;]<\/p>\n","protected":false},"author":1,"featured_media":0,"parent":0,"menu_order":0,"comment_status":"closed","ping_status":"closed","template":"","meta":{"footnotes":""},"class_list":["post-186","page","type-page","status-publish","hentry"],"_links":{"self":[{"href":"https:\/\/sashaallendolls.com\/es\/wp-json\/wp\/v2\/pages\/186","targetHints":{"allow":["GET"]}}],"collection":[{"href":"https:\/\/sashaallendolls.com\/es\/wp-json\/wp\/v2\/pages"}],"about":[{"href":"https:\/\/sashaallendolls.com\/es\/wp-json\/wp\/v2\/types\/page"}],"author":[{"embeddable":true,"href":"https:\/\/sashaallendolls.com\/es\/wp-json\/wp\/v2\/users\/1"}],"replies":[{"embeddable":true,"href":"https:\/\/sashaallendolls.com\/es\/wp-json\/wp\/v2\/comments?post=186"}],"version-history":[{"count":5,"href":"https:\/\/sashaallendolls.com\/es\/wp-json\/wp\/v2\/pages\/186\/revisions"}],"predecessor-version":[{"id":311,"href":"https:\/\/sashaallendolls.com\/es\/wp-json\/wp\/v2\/pages\/186\/revisions\/311"}],"wp:attachment":[{"href":"https:\/\/sashaallendolls.com\/es\/wp-json\/wp\/v2\/media?parent=186"}],"curies":[{"name":"wp","href":"https:\/\/api.w.org\/{rel}","templated":true}]}}